{"id":24,"date":"2020-01-04T11:02:44","date_gmt":"2020-01-04T11:02:44","guid":{"rendered":"https:\/\/wp.els.sidi-gelaende.ch\/?page_id=24"},"modified":"2026-02-08T14:30:04","modified_gmt":"2026-02-08T13:30:04","slug":"herzlich-willkommen","status":"publish","type":"page","link":"https:\/\/sidi-gelaende.ch\/","title":{"rendered":"Herzlich Willkommen"},"content":{"rendered":"\n<h1 class=\"wp-block-heading has-text-align-center\"><\/h1>\n\n\n\n<div class=\"wp-block-group alignwide\"><div class=\"wp-block-group__inner-container is-layout-flow wp-block-group-is-layout-flow\">\n<h3 class=\"wp-block-heading has-text-align-left has-secondary-color has-text-color\">Am Donnerstag 25. Juni 2026 startet das OpenAir St. Gallen in eine neue Ausgabe. Jetzt schon ein grosses Dankesch\u00f6n an alle die bei uns mit ihrer Zeit dazu Beitragen, dass die diesj\u00e4hrige Ausgabe des OpenAir&#8217;s ein voller Erfolg wird.<\/h3>\n\n\n\n<p><\/p>\n\n\n\n<div class=\"wp-block-cover\"><img loading=\"lazy\" decoding=\"async\" width=\"1024\" height=\"576\" class=\"wp-block-cover__image-background wp-image-86\" alt=\"\" src=\"https:\/\/sidi-gelaende.ch\/wp-content\/uploads\/2020\/01\/B\u00fchne-18-1024x576.jpg\" style=\"object-position:4% 66%\" data-object-fit=\"cover\" data-object-position=\"4% 66%\"\/><span aria-hidden=\"true\" class=\"wp-block-cover__background has-background-dim\"><\/span><div class=\"wp-block-cover__inner-container is-layout-flow wp-block-cover-is-layout-flow\">\n<p class=\"has-text-align-center has-large-font-size\"><\/p>\n<\/div><\/div>\n<\/div><\/div>\n\n\n\n<p class=\"has-text-align-center has-larger-font-size\">Du erreichst uns \u00fcber folgendes Formular:<br><a href=\"https:\/\/sidi-gelaende.ch\/?page_id=26\">Kontaktformular<\/a><\/p>\n\n\n\n<p class=\"has-text-align-center has-larger-font-size\"><br><\/p>\n\n\n\n<p><\/p>\n\n\n\n<p><\/p>\n","protected":false},"excerpt":{"rendered":"<p>Am Donnerstag 25. Juni 2026 startet das OpenAir St. Gallen in eine neue Ausgabe. Jetzt schon ein grosses Dankesch\u00f6n an alle die bei uns mit ihrer Zeit dazu Beitragen, dass die diesj\u00e4hrige Ausgabe des OpenAir&#8217;s ein voller Erfolg wird. Du erreichst uns \u00fcber folgendes Formular:Kontaktformular<\/p>\n","protected":false},"author":1,"featured_media":0,"parent":0,"menu_order":10,"comment_status":"closed","ping_status":"closed","template":"","meta":{"footnotes":""},"class_list":["post-24","page","type-page","status-publish","hentry"],"_links":{"self":[{"href":"https:\/\/sidi-gelaende.ch\/index.php?rest_route=\/wp\/v2\/pages\/24","targetHints":{"allow":["GET"]}}],"collection":[{"href":"https:\/\/sidi-gelaende.ch\/index.php?rest_route=\/wp\/v2\/pages"}],"about":[{"href":"https:\/\/sidi-gelaende.ch\/index.php?rest_route=\/wp\/v2\/types\/page"}],"author":[{"embeddable":true,"href":"https:\/\/sidi-gelaende.ch\/index.php?rest_route=\/wp\/v2\/users\/1"}],"replies":[{"embeddable":true,"href":"https:\/\/sidi-gelaende.ch\/index.php?rest_route=%2Fwp%2Fv2%2Fcomments&post=24"}],"version-history":[{"count":51,"href":"https:\/\/sidi-gelaende.ch\/index.php?rest_route=\/wp\/v2\/pages\/24\/revisions"}],"predecessor-version":[{"id":381,"href":"https:\/\/sidi-gelaende.ch\/index.php?rest_route=\/wp\/v2\/pages\/24\/revisions\/381"}],"wp:attachment":[{"href":"https:\/\/sidi-gelaende.ch\/index.php?rest_route=%2Fwp%2Fv2%2Fmedia&parent=24"}],"curies":[{"name":"wp","href":"https:\/\/api.w.org\/{rel}","templated":true}]}}