{"id":25,"date":"2020-01-04T11:02:44","date_gmt":"2020-01-04T11:02:44","guid":{"rendered":"https:\/\/wp.els.sidi-gelaende.ch\/?page_id=25"},"modified":"2025-06-26T09:35:15","modified_gmt":"2025-06-26T07:35:15","slug":"ueber-uns","status":"publish","type":"page","link":"https:\/\/sidi-gelaende.ch\/?page_id=25","title":{"rendered":"\u00dcber uns"},"content":{"rendered":"\n<p class=\"has-secondary-color has-text-color has-large-font-size\">Das Sidi Gel\u00e4nde Team ist zust\u00e4ndig f\u00fcr die Sicherheit auf dem \u00f6ffentlichen Gel\u00e4ndeteil des OpenAir St.Gallen. Wir sind auf dem Gel\u00e4nde Pr\u00e4sent und k\u00fcmmern uns um die Anliegen der Besucher. Bei uns ist die Feuerwehr und die Stadt- sowie Kantonspolizei angeschlossen. Wir arbeiten eng mit den Beh\u00f6rden zusammen, damit das Festival zum Erfolg wird.<\/p>\n\n\n\n<p class=\"has-secondary-color has-text-color has-link-color has-large-font-size wp-elements-265d141a151140d07e1006402126aeae\">Das Ressort besteht aus einem Ressort-Leiter (RL) und <br>3 Stellvertretern (RS), welchen die jeweiligen Sektoren unterstellt sind. Das Ressort  selbst ist der Gesch\u00e4ftsleitung Sicherheit unterstellt.<br>Anschliessend sollst Du einen \u00dcberblick \u00fcber die Aufgaben des Ressort Sidi-Gel\u00e4nde erhalten.<\/p>\n\n\n\n<p class=\"has-text-align-center has-secondary-color has-background-background-color has-text-color has-background\" style=\"font-size:40px\">Unsere Aufgaben:<\/p>\n\n\n\n<p class=\"has-secondary-color has-text-color has-large-font-size\"><strong>Einsatzzentrale \/ Befragungen<\/strong><br>Das  Ressort betreibt eine eigene Einsatzzentrale. Diese Leitstelle ist  zust\u00e4ndig f\u00fcr die Kommunikation \u00fcber Funk, Festnetztelefon oder Natel.  Sie stellt die Erreichbarkeit aller im Einsatz stehenden Kr\u00e4fte des  Ressort sicher. Sie ist jederzeit \u00fcber die Allgemeine Lage, sowie \u00fcber  die verf\u00fcgbaren Einsatzkr\u00e4fte informiert. Zur Einsatzzentrale geh\u00f6rt  auch die Tatbestandsaufnahme, das Rapportieren, sowie das F\u00fchren eines  Journals. S\u00e4mtliche Kommunikationsmittel und weitere Hilfsmittel werden  durch die Einsatzzentrale verwaltet. In der Einsatzzentrale ist  mindestens ein Ressortleiter oder dessen Stv. <br>Kurz gesagt: In der  Einsatzzentrale laufen alle F\u00e4den zusammen. F\u00fcr diesen Bereich nehmen  wir nur erfahrene oder mehrj\u00e4hrige Crew-Member.<\/p>\n\n\n\n<p class=\"has-secondary-color has-text-color has-large-font-size\"><strong>Sicherheitsdienst \/ Bewachungen<br><\/strong>Es werden die eigenen Unterhaltungslokale mit Personal der SIDI-Gel\u00e4nde \u00fcberwacht.<br>In\n diesem Bereich arbeiten erfahrene Sicherheitsleute, welche im Notfall \nschnell einschreiten k\u00f6nnen und Auseinandersetzungen unkompliziert und \nkompetent aufl\u00f6sen.<\/p>\n\n\n\n<p class=\"has-secondary-color has-text-color has-large-font-size\"><strong>Patrouillen<br><\/strong>Es Patrouillieren  w\u00e4hrend dem Tag, sowie auch in der Nacht, st\u00e4ndig Sicherheitsleute des  Ressort Sidi-Gel\u00e4nde auf dem Festivalgel\u00e4nde. Dies soll einerseits den  Besuchern ein Gef\u00fchl der Sicherheit vermitteln, da wir ihnen eine  dezente Pr\u00e4senz von Sicherheit bieten, andererseits sind wir bei einem  Ereignis schnell vor Ort. Die Patrouillen tragen w\u00e4hrend ihrer Arbeit  jeweils Westen &#8222;OpenAir St.Gallen&#8220; damit sie f\u00fcr die Besucher  leicht zu erkennen sind. Es werden gelegentlich zivile Patrouillen zur  gezielten Kontrolle auf Bet\u00e4ubungsmittel, B\u00e4ndellose und illegalen  St\u00e4nden eingesetzt. Die Stadt- wie auch die Kantonspolizei St.Gallen stellt w\u00e4hrend des Festivals Zivilbeamte zu unserer Verf\u00fcgung. Wir  k\u00f6nnen so vor Ort Anzeigen erstatten und Hausverbote aussprechen.<\/p>\n\n\n\n<p class=\"has-secondary-color has-text-color has-large-font-size\"><strong>Feuerwehr<\/strong><br>Im Gel\u00e4nde steht rund um die Uhr ein Feuerwehrfahrzeug, welches innert weniger Minuten alle Bereiche im Gel\u00e4nde erreicht. Auf dem ganzen Gel\u00e4nde sind Feuerl\u00f6scher verteilt, mit denen das meiste gel\u00f6scht werden kann.<br>Die Feuerwehr wird durch die Miliz-Feuerwehr der Stadt St. Gallen sowie Crewmitglieder des Sidi-Gel\u00e4ndes, welche in ihrer Wohngemeinde einer Miliz-Feuerwehr angeh\u00f6ren, betrieben.<br><\/p>\n\n\n\n<p class=\"has-secondary-background-color has-background has-large-font-size\"><strong><em>Sicherheitsgrundkurs:<\/em> <\/strong><br>Der  Gesetzgeber verlangt f\u00fcr einen Grossteil unserer Bereiche einen  Sicherheitsgrundkurs. Dieser kann jeweils Gratis bei einer externen  Firma absolviert werden. Falls du den Grundkurs noch nicht besucht hast,  k\u00f6nnen wir dich selbstverst\u00e4ndlich trotzdem in verschieden Bereichen,  in denen der Grundkurs nicht obligatorisch ist, einsetzen. <br>F\u00fcr Fragen stehen wir gerne zur Verf\u00fcgung:<br><a rel=\"noreferrer noopener\" href=\"mailto:sidi-gelaende@openairsg.ch\" target=\"_blank\">sidi-gelaende@openairsg.ch<\/a>. <\/p>\n\n\n\n<p class=\"has-secondary-color has-text-color has-background has-link-color has-large-font-size wp-elements-c299113d3d88c4cf5ec39c27c9215b68\" style=\"background-color:#f7fafb\"><strong>Zu guter letzt &#8211; wir brauchen keine Rambos, denn mit reden erreicht man meistens mehr!<br>Unser Motto: Wir sind f\u00fcr die Besucher da! <\/strong><\/p>\n","protected":false},"excerpt":{"rendered":"<p>Das Sidi Gel\u00e4nde Team ist zust\u00e4ndig f\u00fcr die Sicherheit auf dem \u00f6ffentlichen Gel\u00e4ndeteil des OpenAir St.Gallen. Wir sind auf dem Gel\u00e4nde Pr\u00e4sent und k\u00fcmmern uns um die Anliegen der Besucher. Bei uns ist die Feuerwehr und die Stadt- sowie Kantonspolizei angeschlossen. Wir arbeiten eng mit den Beh\u00f6rden zusammen, damit das Festival zum Erfolg wird. Das [&hellip;]<\/p>\n","protected":false},"author":1,"featured_media":0,"parent":0,"menu_order":20,"comment_status":"closed","ping_status":"closed","template":"","meta":{"footnotes":""},"class_list":["post-25","page","type-page","status-publish","hentry"],"_links":{"self":[{"href":"https:\/\/sidi-gelaende.ch\/index.php?rest_route=\/wp\/v2\/pages\/25","targetHints":{"allow":["GET"]}}],"collection":[{"href":"https:\/\/sidi-gelaende.ch\/index.php?rest_route=\/wp\/v2\/pages"}],"about":[{"href":"https:\/\/sidi-gelaende.ch\/index.php?rest_route=\/wp\/v2\/types\/page"}],"author":[{"embeddable":true,"href":"https:\/\/sidi-gelaende.ch\/index.php?rest_route=\/wp\/v2\/users\/1"}],"replies":[{"embeddable":true,"href":"https:\/\/sidi-gelaende.ch\/index.php?rest_route=%2Fwp%2Fv2%2Fcomments&post=25"}],"version-history":[{"count":21,"href":"https:\/\/sidi-gelaende.ch\/index.php?rest_route=\/wp\/v2\/pages\/25\/revisions"}],"predecessor-version":[{"id":368,"href":"https:\/\/sidi-gelaende.ch\/index.php?rest_route=\/wp\/v2\/pages\/25\/revisions\/368"}],"wp:attachment":[{"href":"https:\/\/sidi-gelaende.ch\/index.php?rest_route=%2Fwp%2Fv2%2Fmedia&parent=25"}],"curies":[{"name":"wp","href":"https:\/\/api.w.org\/{rel}","templated":true}]}}