{"id":81,"date":"2020-01-07T19:25:07","date_gmt":"2020-01-07T19:25:07","guid":{"rendered":"https:\/\/wp.els.sidi-gelaende.ch\/?page_id=81"},"modified":"2023-11-13T20:12:59","modified_gmt":"2023-11-13T19:12:59","slug":"impressum","status":"publish","type":"page","link":"https:\/\/sidi-gelaende.ch\/?page_id=81","title":{"rendered":"Impressum"},"content":{"rendered":"\n<h3 class=\"wp-block-heading\">Inhalt und Copyright<\/h3>\n\n\n\n<p>Verein Freunde Sidi Gel\u00e4nde<br>Adriano Meili<br><a href=\"mailto:sidi-gelaende@openairsg.ch\">sidi-gelaende@openairsg.ch<\/a><br>Soodstrasse 44<br>8134 Adliswil<\/p>\n\n\n\n<h3 class=\"wp-block-heading\">Design<\/h3>\n\n\n\n<p>Daniel Seger<\/p>\n\n\n\n<h3 class=\"wp-block-heading\">Web-Programmierung<\/h3>\n\n\n\n<p>Roman Erismann<br><\/p>\n\n\n\n<h3 class=\"wp-block-heading\">Hosting<\/h3>\n\n\n\n<p>Metanet AG<br><a rel=\"noreferrer noopener\" aria-label=\" (\u00f6ffnet in neuem Tab)\" href=\"http:\/\/www.metanet.ch\" target=\"_blank\">www.metanet.ch<\/a><br><\/p>\n\n\n\n<h3 class=\"wp-block-heading\">Disclaimer<\/h3>\n\n\n\n<h4 class=\"wp-block-heading\">Haftungsausschluss<\/h4>\n\n\n\n<p>Der\n Autor \u00fcbernimmt keinerlei Gew\u00e4hr hinsichtlich der inhaltlichen \nRichtigkeit, Genauigkeit, Aktualit\u00e4t, Zuverl\u00e4ssigkeit und \nVollst\u00e4ndigkeit der Informationen. Haftungsanspr\u00fcche gegen den Autor \nwegen Sch\u00e4den materieller oder immaterieller Art, welche aus dem Zugriff\n oder der Nutzung bzw. Nichtnutzung der ver\u00f6ffentlichten Informationen, \ndurch Missbrauch der Verbindung oder durch technische St\u00f6rungen \nentstanden sind, werden ausgeschlossen. Alle Angebote sind \nunverbindlich. Der Autor beh\u00e4lt es sich ausdr\u00fccklich vor, Teile der \nSeiten oder das gesamte Angebot ohne gesonderte Ank\u00fcndigung zu \nver\u00e4ndern, zu erg\u00e4nzen, zu l\u00f6schen oder die Ver\u00f6ffentlichung zeitweise \noder endg\u00fcltig einzustellen.<\/p>\n\n\n\n<h4 class=\"wp-block-heading\">Haftung f\u00fcr Links<\/h4>\n\n\n\n<p>Verweise \nund Links auf Webseiten Dritter liegen ausserhalb unseres \nVerantwortungsbereichs. Es wird jegliche Verantwortung f\u00fcr solche \nWebseiten abgelehnt. Der Zugriff und die Nutzung solcher Webseiten \nerfolgen auf eigene Gefahr des Nutzers oder der Nutzerin.<\/p>\n\n\n\n<h4 class=\"wp-block-heading\">Urheberrechte<\/h4>\n\n\n\n<p>Die  Urheber- und alle anderen Rechte an Inhalten, Bildern, Fotos oder  anderen Dateien auf der Website geh\u00f6ren ausschliesslich dem Verein Freunde Sidi Gel\u00e4nde oder den speziell genannten Rechtsinhabern. F\u00fcr die  Reproduktion jeglicher Elemente ist die schriftliche Zustimmung der  Urheberrechtstr\u00e4ger im Voraus einzuholen.<\/p>\n\n\n\n<h4 class=\"wp-block-heading\">Datenschutz<\/h4>\n\n\n\n<p>Gest\u00fctzt\n auf Artikel 13 der schweizerischen Bundesverfassung und die \ndatenschutzrechtlichen Bestimmungen des Bundes (Datenschutzgesetz, DSG) \nhat jede Person Anspruch auf Schutz ihrer Privatsph\u00e4re sowie auf Schutz \nvor Missbrauch ihrer pers\u00f6nlichen Daten. Wir halten diese Bestimmungen \nein. Pers\u00f6nliche Daten werden streng vertraulich behandelt und weder an \nDritte verkauft noch weiter gegeben. In enger Zusammenarbeit mit unseren\n Hosting-Providern bem\u00fchen wir uns, die Datenbanken so gut wie m\u00f6glich \nvor fremden Zugriffen, Verlusten, Missbrauch oder vor F\u00e4lschung zu \nsch\u00fctzen. Beim Zugriff auf unsere Webseiten werden folgende Daten in \nLogfiles gespeichert: IP-Adresse, Datum, Uhrzeit, Browser-Anfrage und \nallg. \u00fcbertragene Informationen zum Betriebssystem resp. Browser. Diese \nNutzungsdaten bilden die Basis f\u00fcr statistische, anonyme Auswertungen, \nso dass Trends erkennbar sind, anhand derer wir unsere Angebote \nentsprechend verbessern k\u00f6nnen.<\/p>\n\n\n\n<h4 class=\"wp-block-heading\">Facebook Remarketing \/ Retargeting<\/h4>\n\n\n\n<p>Auf\n unseren Seiten ist das Facebook Pixel des sozialen Netzwerks Facebook, \n1601 South California Avenue, Palo Alto, CA 94304, USA integriert. Wenn \nSie unsere Seiten besuchen, wird \u00fcber das Facebook Pixel eine direkte \nVerbindung zwischen Ihrem Browser und dem Facebook-Server hergestellt. \nFacebook erh\u00e4lt dadurch die Information, dass Sie mit Ihrer IP-Adresse \nunsere Seite besucht haben. Dadurch kann Facebook den Besuch unserer \nSeiten Ihrem Benutzerkonto zuordnen. Die so erhaltenen Informationen \nk\u00f6nnen wir f\u00fcr die Anzeige von Facebook Ads oder f\u00fcr \nTracking-Funktionalit\u00e4ten nutzen. Wir weisen darauf hin, dass wir als \nAnbieter der Seiten keine Kenntnis vom Inhalt der \u00fcbermittelten Daten \nsowie deren Nutzung durch Facebook erhalten. Weitere Informationen \nhierzu finden Sie in der Datenschutzerkl\u00e4rung von Facebook unter <a href=\"https:\/\/www.facebook.com\/about\/privacy\/\" target=\"_blank\" rel=\"noreferrer noopener\">https:\/\/www.facebook.com\/about\/privacy\/<\/a>.<\/p>\n\n\n\n<h4 class=\"wp-block-heading\">Datenschutzerkl\u00e4rung f\u00fcr die Nutzung von Google Analytics<\/h4>\n\n\n\n<p>Diese\n Website benutzt Google Analytics, einen Webanalysedienst der Google \nInc. (\u201eGoogle\u201c). Google Analytics verwendet sog. \u201eCookies\u201c, Textdateien,\n die auf Ihrem Computer gespeichert werden und die eine Analyse der \nBenutzung der Website durch Sie erm\u00f6glichen. Die durch den Cookie \nerzeugten Informationen \u00fcber Ihre Benutzung dieser Website werden in der\n Regel an einen Server von Google in den USA \u00fcbertragen und dort \ngespeichert. Im Falle der Aktivierung der IP-Anonymisierung auf dieser \nWebseite wird Ihre IP-Adresse von Google jedoch innerhalb von \nMitgliedstaaten der Europ\u00e4ischen Union oder in anderen Vertragsstaaten \ndes Abkommens \u00fcber den Europ\u00e4ischen Wirtschaftsraum zuvor gek\u00fcrzt. Nur \nin Ausnahmef\u00e4llen wird die volle IP-Adresse an einen Server von Google \nin den USA \u00fcbertragen und dort gek\u00fcrzt. Google wird diese Informationen \nbenutzen, um Ihre Nutzung der Website auszuwerten, um Reports \u00fcber die \nWebsiteaktivit\u00e4ten f\u00fcr die Websitebetreiber zusammenzustellen und um \nweitere mit der Websitenutzung und der Internetnutzung verbundene \nDienstleistungen zu erbringen. Auch wird Google diese Informationen \ngegebenenfalls an Dritte \u00fcbertragen, sofern dies gesetzlich \nvorgeschrieben oder soweit Dritte diese Daten im Auftrag von Google \nverarbeiten. Die im Rahmen von Google Analytics von Ihrem Browser \n\u00fcbermittelte IP-Adresse wird nicht mit anderen Daten von Google \nzusammengef\u00fchrt. Sie k\u00f6nnen die Installation der Cookies durch eine \nentsprechende Einstellung Ihrer Browser Software verhindern; wir weisen \nSie jedoch darauf hin, dass Sie in diesem Fall gegebenenfalls nicht \ns\u00e4mtliche Funktionen dieser Website voll umf\u00e4nglich nutzen k\u00f6nnen. Durch\n die Nutzung dieser Website erkl\u00e4ren Sie sich mit der Bearbeitung der \n\u00fcber Sie erhobenen Daten durch Google in der zuvor beschriebenen Art und\n Weise und zu dem zuvor benannten Zweck einverstanden.<\/p>\n","protected":false},"excerpt":{"rendered":"<p>Inhalt und Copyright Verein Freunde Sidi Gel\u00e4ndeAdriano Meilisidi-gelaende@openairsg.chSoodstrasse 448134 Adliswil Design Daniel Seger Web-Programmierung Roman Erismann Hosting Metanet AGwww.metanet.ch Disclaimer Haftungsausschluss Der Autor \u00fcbernimmt keinerlei Gew\u00e4hr hinsichtlich der inhaltlichen Richtigkeit, Genauigkeit, Aktualit\u00e4t, Zuverl\u00e4ssigkeit und Vollst\u00e4ndigkeit der Informationen. Haftungsanspr\u00fcche gegen den Autor wegen Sch\u00e4den materieller oder immaterieller Art, welche aus dem Zugriff oder der Nutzung bzw. [&hellip;]<\/p>\n","protected":false},"author":1,"featured_media":0,"parent":0,"menu_order":50,"comment_status":"closed","ping_status":"closed","template":"","meta":{"footnotes":""},"class_list":["post-81","page","type-page","status-publish","hentry"],"_links":{"self":[{"href":"https:\/\/sidi-gelaende.ch\/index.php?rest_route=\/wp\/v2\/pages\/81","targetHints":{"allow":["GET"]}}],"collection":[{"href":"https:\/\/sidi-gelaende.ch\/index.php?rest_route=\/wp\/v2\/pages"}],"about":[{"href":"https:\/\/sidi-gelaende.ch\/index.php?rest_route=\/wp\/v2\/types\/page"}],"author":[{"embeddable":true,"href":"https:\/\/sidi-gelaende.ch\/index.php?rest_route=\/wp\/v2\/users\/1"}],"replies":[{"embeddable":true,"href":"https:\/\/sidi-gelaende.ch\/index.php?rest_route=%2Fwp%2Fv2%2Fcomments&post=81"}],"version-history":[{"count":3,"href":"https:\/\/sidi-gelaende.ch\/index.php?rest_route=\/wp\/v2\/pages\/81\/revisions"}],"predecessor-version":[{"id":342,"href":"https:\/\/sidi-gelaende.ch\/index.php?rest_route=\/wp\/v2\/pages\/81\/revisions\/342"}],"wp:attachment":[{"href":"https:\/\/sidi-gelaende.ch\/index.php?rest_route=%2Fwp%2Fv2%2Fmedia&parent=81"}],"curies":[{"name":"wp","href":"https:\/\/api.w.org\/{rel}","templated":true}]}}